{"id":9,"date":"2017-01-14T16:41:29","date_gmt":"2017-01-14T15:41:29","guid":{"rendered":"http:\/\/ceramique-allouin.fr\/news\/?page_id=9"},"modified":"2020-08-14T17:50:57","modified_gmt":"2020-08-14T15:50:57","slug":"contact","status":"publish","type":"page","link":"https:\/\/ceramique-allouin.fr\/news\/index.php\/contact\/","title":{"rendered":"Contact"},"content":{"rendered":"<p>Salle d&rsquo;exposition<br \/>\nt\u00e9l\u00e9phone Catherine : 04.74.30.86.44<\/p>\n<p>L\u2019atelier et la salle d\u2019exposition (100m2) sont situ\u00e9s dans l\u2019Ain, \u00e0 20 mn au nord de Bourg en Bresse sur la D975, \u00e0 la sortie de Montrevel en Bresse dans une ancienne ferme en pis\u00e9.<\/p>\n<p>Sortie autoroute :<br \/>\n&#8211; Bourg Nord sur la A40 ou<br \/>\n&#8211; St Amour sur la A39<\/p>\n<p>L\u2019exposition est situ\u00e9e sur la commune de Jayat mais ne pas aller au bourg ; le lieu-dit \u00ab C\u00e9zille \u00bb est \u00e0 la sortie Nord de Montrevel en Bresse.<\/p>\n","protected":false},"excerpt":{"rendered":"<p>Salle d&rsquo;exposition t\u00e9l\u00e9phone Catherine : 04.74.30.86.44 L\u2019atelier et la salle d\u2019exposition (100m2) sont situ\u00e9s dans l\u2019Ain, \u00e0 20 mn au nord de Bourg en Bresse sur la D975, \u00e0 la sortie de Montrevel en Bresse dans une ancienne ferme en pis\u00e9. Sortie autoroute : &#8211; Bourg Nord sur la A40 ou &#8211; St Amour sur &hellip; <\/p>\n<p class=\"link-more\"><a href=\"https:\/\/ceramique-allouin.fr\/news\/index.php\/contact\/\" class=\"more-link\">Continuer la lecture<span class=\"screen-reader-text\"> de &laquo;&nbsp;Contact&nbsp;&raquo;<\/span><\/a><\/p>\n","protected":false},"author":1,"featured_media":39,"parent":0,"menu_order":0,"comment_status":"closed","ping_status":"closed","template":"","meta":[],"_links":{"self":[{"href":"https:\/\/ceramique-allouin.fr\/news\/index.php\/wp-json\/wp\/v2\/pages\/9"}],"collection":[{"href":"https:\/\/ceramique-allouin.fr\/news\/index.php\/wp-json\/wp\/v2\/pages"}],"about":[{"href":"https:\/\/ceramique-allouin.fr\/news\/index.php\/wp-json\/wp\/v2\/types\/page"}],"author":[{"embeddable":true,"href":"https:\/\/ceramique-allouin.fr\/news\/index.php\/wp-json\/wp\/v2\/users\/1"}],"replies":[{"embeddable":true,"href":"https:\/\/ceramique-allouin.fr\/news\/index.php\/wp-json\/wp\/v2\/comments?post=9"}],"version-history":[{"count":4,"href":"https:\/\/ceramique-allouin.fr\/news\/index.php\/wp-json\/wp\/v2\/pages\/9\/revisions"}],"predecessor-version":[{"id":214,"href":"https:\/\/ceramique-allouin.fr\/news\/index.php\/wp-json\/wp\/v2\/pages\/9\/revisions\/214"}],"wp:featuredmedia":[{"embeddable":true,"href":"https:\/\/ceramique-allouin.fr\/news\/index.php\/wp-json\/wp\/v2\/media\/39"}],"wp:attachment":[{"href":"https:\/\/ceramique-allouin.fr\/news\/index.php\/wp-json\/wp\/v2\/media?parent=9"}],"curies":[{"name":"wp","href":"https:\/\/api.w.org\/{rel}","templated":true}]}}