{"id":8,"date":"2017-01-14T16:41:29","date_gmt":"2017-01-14T15:41:29","guid":{"rendered":"http:\/\/ceramique-allouin.fr\/news\/?page_id=8"},"modified":"2017-01-14T17:13:44","modified_gmt":"2017-01-14T16:13:44","slug":"a-propos-de","status":"publish","type":"page","link":"https:\/\/ceramique-allouin.fr\/news\/index.php\/a-propos-de\/","title":{"rendered":"\u00c0 propos de moi &#8230;"},"content":{"rendered":"<p>J&rsquo;ai toujours aim\u00e9 le gr\u00e8s, la chamotte, les engobes et la cuisson \u00e0 haute temp\u00e9rature qui me permet de r\u00e9aliser des modelages animaliers ou des totems destin\u00e9s \u00e0 l&rsquo;ext\u00e9rieur, en effet, \u00e0 1280-1300\u00b0 la terre est vitrifi\u00e9e donc non-poreuse et non-g\u00e9live.<br \/>\nLe gr\u00e8s est \u00e9galement robuste, r\u00e9sistant aux acides; donc parfait pour les objets du quotidien&#8230;<\/p>\n<p>Je travaille dans plusieurs directions :<br \/>\n\u2022 le modelage animalier ; j&rsquo;aime tous les animaux, mais mon mod\u00e8le pr\u00e9f\u00e9r\u00e9 est le chat dont j&rsquo;admire la discr\u00e9tion et l&rsquo;\u00e9l\u00e9gance en toute circonstance.<br \/>\n\u2022 les vases, du plus humble pique-fleurs \u00e0 la pi\u00e8ce unique.<br \/>\n\u2022 les plats ou plaques o\u00f9 s&rsquo;\u00e9panouissent les d\u00e9cors graphiques.<\/p>\n","protected":false},"excerpt":{"rendered":"<p>J&rsquo;ai toujours aim\u00e9 le gr\u00e8s, la chamotte, les engobes et la cuisson \u00e0 haute temp\u00e9rature qui me permet de r\u00e9aliser des modelages animaliers ou des totems destin\u00e9s \u00e0 l&rsquo;ext\u00e9rieur, en effet, \u00e0 1280-1300\u00b0 la terre est vitrifi\u00e9e donc non-poreuse et non-g\u00e9live. Le gr\u00e8s est \u00e9galement robuste, r\u00e9sistant aux acides; donc parfait pour les objets du &hellip; <\/p>\n<p class=\"link-more\"><a href=\"https:\/\/ceramique-allouin.fr\/news\/index.php\/a-propos-de\/\" class=\"more-link\">Continuer la lecture<span class=\"screen-reader-text\"> de &laquo;&nbsp;\u00c0 propos de moi &#8230;&nbsp;&raquo;<\/span><\/a><\/p>\n","protected":false},"author":1,"featured_media":35,"parent":0,"menu_order":0,"comment_status":"closed","ping_status":"closed","template":"","meta":[],"_links":{"self":[{"href":"https:\/\/ceramique-allouin.fr\/news\/index.php\/wp-json\/wp\/v2\/pages\/8"}],"collection":[{"href":"https:\/\/ceramique-allouin.fr\/news\/index.php\/wp-json\/wp\/v2\/pages"}],"about":[{"href":"https:\/\/ceramique-allouin.fr\/news\/index.php\/wp-json\/wp\/v2\/types\/page"}],"author":[{"embeddable":true,"href":"https:\/\/ceramique-allouin.fr\/news\/index.php\/wp-json\/wp\/v2\/users\/1"}],"replies":[{"embeddable":true,"href":"https:\/\/ceramique-allouin.fr\/news\/index.php\/wp-json\/wp\/v2\/comments?post=8"}],"version-history":[{"count":4,"href":"https:\/\/ceramique-allouin.fr\/news\/index.php\/wp-json\/wp\/v2\/pages\/8\/revisions"}],"predecessor-version":[{"id":38,"href":"https:\/\/ceramique-allouin.fr\/news\/index.php\/wp-json\/wp\/v2\/pages\/8\/revisions\/38"}],"wp:featuredmedia":[{"embeddable":true,"href":"https:\/\/ceramique-allouin.fr\/news\/index.php\/wp-json\/wp\/v2\/media\/35"}],"wp:attachment":[{"href":"https:\/\/ceramique-allouin.fr\/news\/index.php\/wp-json\/wp\/v2\/media?parent=8"}],"curies":[{"name":"wp","href":"https:\/\/api.w.org\/{rel}","templated":true}]}}